{"id":517,"date":"2023-04-27T15:47:05","date_gmt":"2023-04-27T14:47:05","guid":{"rendered":"https:\/\/staging.microlabhard.com\/alfet\/assessoria-laboral\/"},"modified":"2023-05-10T10:36:58","modified_gmt":"2023-05-10T09:36:58","slug":"assessoria-laboral","status":"publish","type":"page","link":"https:\/\/alfet.es\/ca\/assessoria-laboral\/","title":{"rendered":"Assessoria Laboral"},"content":{"rendered":"<div class=\"wpb-content-wrapper\"><p>[vc_row full_width=&#8221;stretch_row&#8221; el_id=&#8221;assessoria-laboral&#8221; conditional_render=&#8221;%5B%7B%22value_role%22%3A%22administrator%22%7D%5D&#8221; css=&#8221;.vc_custom_1682594397558{padding-top: 50px !important;padding-bottom: 50px !important;}&#8221;][vc_column][vc_column_text]Com a assessoria laboral a Badalona, per poder dur a terme totes les mat\u00e8ries que es deriven de les relacions laborals, cal comptar amb professionals que constantment van incorporant la nova normativa i aix\u00ed poder oferir un tractament actual en els \u00e0mbits seg\u00fcents:[\/vc_column_text][vc_row_inner css=&#8221;.vc_custom_1682675333631{margin-top: 50px !important;margin-right: 0px !important;margin-left: 0px !important;}&#8221; el_class=&#8221;mlh_globalbox&#8221;][vc_column_inner el_class=&#8221;mlh_colservicio_content&#8221; width=&#8221;1\/3&#8243;][vc_custom_heading text=&#8221;N\u00f2mines&#8221; font_container=&#8221;tag:h2|font_size:1.5em|text_align:left|color:%23ffffff|line_height:1.3&#8243; use_theme_fonts=&#8221;yes&#8221; font_weight=&#8221;300&#8243; css=&#8221;.vc_custom_1683033572078{margin-right: 0px !important;margin-bottom: 0px !important;margin-left: 0px !important;padding-top: 5px !important;padding-right: 15px !important;padding-bottom: 5px !important;padding-left: 15px !important;background-color: #00856c !important;}&#8221;][vc_column_text css=&#8221;.vc_custom_1682611101254{margin-bottom: 25px !important;}&#8221; el_class=&#8221;mlh_contervicio_color&#8221;]<\/p>\n<ul>\n<li>Confecci\u00f3 mensual de fulls de salari.<\/li>\n<li>Complements, incentius, plusos.<\/li>\n<li>Ajustaments de retenci\u00f3 segons retribuci\u00f3 i normativa fiscal.<\/li>\n<li>Preparaci\u00f3 de liquidacions i liquidacions.<\/li>\n<\/ul>\n<p>[\/vc_column_text][\/vc_column_inner][vc_column_inner el_class=&#8221;mlh_colservicio_content&#8221; width=&#8221;1\/3&#8243;][vc_custom_heading text=&#8221;Acomiadaments&#8221; font_container=&#8221;tag:h2|font_size:1.5em|text_align:left|color:%23ffffff|line_height:1.3&#8243; use_theme_fonts=&#8221;yes&#8221; font_weight=&#8221;300&#8243; css=&#8221;.vc_custom_1683033589312{margin-right: 0px !important;margin-bottom: 0px !important;margin-left: 0px !important;padding-top: 5px !important;padding-right: 15px !important;padding-bottom: 5px !important;padding-left: 15px !important;background-color: #00856c !important;}&#8221;][vc_column_text css=&#8221;.vc_custom_1682611106014{margin-bottom: 25px !important;}&#8221; el_class=&#8221;mlh_contervicio_color&#8221;]<\/p>\n<ul>\n<li>Confecci\u00f3 de cartes d&#8217;acomiadament<\/li>\n<li>Confecci\u00f3 de liquidacions<\/li>\n<li>Negociaci\u00f3 amb treballadors<\/li>\n<\/ul>\n<p>[\/vc_column_text][\/vc_column_inner][vc_column_inner el_class=&#8221;mlh_colservicio_content&#8221; width=&#8221;1\/3&#8243;][vc_custom_heading text=&#8221;Altres Actuacions&#8221; font_container=&#8221;tag:h2|font_size:1.5em|text_align:left|color:%23ffffff|line_height:1.3&#8243; use_theme_fonts=&#8221;yes&#8221; font_weight=&#8221;300&#8243; css=&#8221;.vc_custom_1683033648317{margin-right: 0px !important;margin-bottom: 0px !important;margin-left: 0px !important;padding-top: 5px !important;padding-right: 15px !important;padding-bottom: 5px !important;padding-left: 15px !important;background-color: #00856c !important;}&#8221;][vc_column_text css=&#8221;.vc_custom_1682611110158{margin-bottom: 25px !important;}&#8221; el_class=&#8221;mlh_contervicio_color&#8221;]<\/p>\n<ul>\n<li>Assist\u00e8ncia a Inspeccions de Treball<\/li>\n<li>Elaboraci\u00f3 del Pla de Riscos Laborals<\/li>\n<li>Conciliacions al CMAC<\/li>\n<li>Assist\u00e8ncia jur\u00eddica davant del Jutjat social<\/li>\n<li>Consignacions judicials per acomiadament<\/li>\n<li>Auditoria laboral<\/li>\n<li>Legalitzaci\u00f3 de visites<\/li>\n<\/ul>\n<p>[\/vc_column_text][\/vc_column_inner][vc_column_inner width=&#8221;2\/3&#8243; css=&#8221;.vc_custom_1682675376134{padding-left: 0px !important;}&#8221;][vc_custom_heading text=&#8221;Seguretat Social&#8221; font_container=&#8221;tag:h2|font_size:1.5em|text_align:left|color:%23ffffff|line_height:1.3&#8243; use_theme_fonts=&#8221;yes&#8221; font_weight=&#8221;300&#8243; css=&#8221;.vc_custom_1683033640287{margin-right: 0px !important;margin-bottom: 0px !important;margin-left: 0px !important;padding-top: 5px !important;padding-right: 15px !important;padding-bottom: 5px !important;padding-left: 15px !important;background-color: #00856c !important;}&#8221;][vc_column_text el_class=&#8221;mlh_contservicio&#8221; css=&#8221;.vc_custom_1682674620196{margin-bottom: 25px !important;margin-left: 0px !important;}&#8221;]<\/p>\n<ul>\n<li>Inscripci\u00f3 de l&#8217;empresa a la Seguretat Social i centres de cotitzaci\u00f3.<\/li>\n<li>Afiliaci\u00f3, altes i baixes de treballadors.<\/li>\n<li>Confecci\u00f3 i tramesa dels butlletins mensuals de cotitzaci\u00f3 a la Seguretat Social (TC1-TC2).<\/li>\n<li>Tramitaci\u00f3 mitjan\u00e7ant sistema xarxa de parts de baixa m\u00e8dica, confirmaci\u00f3 i alta.<\/li>\n<li>Notificaci\u00f3 dels informes d&#8217;accident de treball.<\/li>\n<li>Altres tramitacions (maternitat, incapacitat permanent, jubilaci\u00f3 anticipada\u2026).<\/li>\n<li>Tramitaci\u00f3 de la subvenci\u00f3 per a la formaci\u00f3 que gestiona la fundaci\u00f3 Tripartita.<\/li>\n<li>Tramitaci\u00f3 d&#8217;ajornament de quotes.<\/li>\n<li>Tramitaci\u00f3 de recursos per reclamaci\u00f3 de deutes.<\/li>\n<li>Tramitaci\u00f3 de liquidacions complement\u00e0ria.<\/li>\n<\/ul>\n<p>[\/vc_column_text][\/vc_column_inner][vc_column_inner width=&#8221;1\/3&#8243; css=&#8221;.vc_custom_1683632601138{margin-bottom: 25px !important;background-image: url(https:\/\/alfet.es\/wp-content\/uploads\/2023\/05\/seguridad-social.jpg?id=545) !important;background-position: center !important;background-repeat: no-repeat !important;background-size: cover !important;}&#8221;][\/vc_column_inner][vc_column_inner width=&#8221;1\/3&#8243; css=&#8221;.vc_custom_1682675082128{margin-bottom: 25px !important;background-image: url(https:\/\/alfet.es\/wp-content\/uploads\/2023\/04\/contratos-scaled.jpg?id=339) !important;background-position: center !important;background-repeat: no-repeat !important;background-size: cover !important;}&#8221;][\/vc_column_inner][vc_column_inner width=&#8221;2\/3&#8243; css=&#8221;.vc_custom_1682675387846{padding-right: 0px !important;}&#8221;][vc_custom_heading text=&#8221;Contractes&#8221; font_container=&#8221;tag:h2|font_size:1.5em|text_align:left|color:%23ffffff|line_height:1.3&#8243; use_theme_fonts=&#8221;yes&#8221; font_weight=&#8221;300&#8243; css=&#8221;.vc_custom_1683033660752{margin-right: 0px !important;margin-bottom: 0px !important;margin-left: 0px !important;padding-top: 5px !important;padding-right: 15px !important;padding-bottom: 5px !important;padding-left: 15px !important;background-color: #00856c !important;}&#8221;][vc_column_text el_class=&#8221;mlh_contservicio&#8221; css=&#8221;.vc_custom_1682674635192{margin-right: 0px !important;margin-bottom: 25px !important;}&#8221;]Preparaci\u00f3 i confecci\u00f3 de contractes de treball, tenint en compte els avantatges i bonificacions dels diferents tipus de contractes existents, sense deixar de banda les necessitats de l&#8217;empresa i les circumst\u00e0ncies del treballador:<\/p>\n<ul>\n<li>Contracte indefinit amb bonificaci\u00f3 i sense.<\/li>\n<li>Contracte temporal amb bonificaci\u00f3 i sense.<\/li>\n<li>Contracte formatiu(formaci\u00f3 i pr\u00e0ctiques).<\/li>\n<li>Contractes per a persones discapacitades.<\/li>\n<li>Contractes de relleu.<\/li>\n<li>Modificacions dels contractes de treball (transformaci\u00f3 de temporals en indefinits, pr\u00f2rrogues\u2026).<\/li>\n<li>Registre de contractes de les Oficines de Treball.<\/li>\n<\/ul>\n<p>[\/vc_column_text][\/vc_column_inner][\/vc_row_inner][\/vc_column][\/vc_row][vc_row][vc_column]<div class=\"porto-block\" data-id=\"520\"><style>.vc_custom_1682607516094{padding-top: 70px !important;padding-bottom: 70px !important;}.vc_custom_1682584878549{margin-bottom: 0px !important;}.vc_custom_1682497071360{margin-bottom: 15px !important;}.vc_custom_1682501956966{margin-top: 30px !important;}.wpb_custom_64877566a9dd96fdea2e8224a7178878.porto-sicon-box.top-icon{text-align: left;}.wpb_custom_ff19109fed945e250be776b70ec33f07.porto-sicon-box.top-icon{text-align: left;}.wpb_custom_64877566a9dd96fdea2e8224a7178878 .porto-sicon-title{font-weight:600;font-size:1.5em;text-transform:none;}.wpb_custom_64877566a9dd96fdea2e8224a7178878 .porto-sicon-header p{font-size:1em;text-transform:none;}.wpb_custom_64877566a9dd96fdea2e8224a7178878 .porto-sicon-description{font-weight:500;}.wpb_custom_ff19109fed945e250be776b70ec33f07 .porto-sicon-title{font-weight:600;font-size:1.5em;text-transform:none;}.wpb_custom_ff19109fed945e250be776b70ec33f07 .porto-sicon-header p{font-size:1em;text-transform:none;}<\/style>[vc_row full_width=\"stretch_row\" css=\".vc_custom_1682607516094{padding-top: 70px !important;padding-bottom: 70px !important;}\" conditional_render=\"%5B%7B%22value_role%22%3A%22administrator%22%7D%5D\"][vc_column][vc_custom_heading text=\"Qu\u00e8 fem\" font_container=\"tag:h2|font_size:1em|text_align:center|color:%23515151|line_height:1.3\" use_theme_fonts=\"yes\" text_transform=\"text-uppercase\" font_weight=\"500\" letter_spacing=\"5px\" css=\".vc_custom_1682584878549{margin-bottom: 0px !important;}\"][vc_custom_heading text=\"Serveis que oferim\" font_container=\"tag:h2|font_size:2em|text_align:center|line_height:1.3\" use_theme_fonts=\"yes\" css=\".vc_custom_1682497071360{margin-bottom: 15px !important;}\"][vc_row_inner animation_delay=\"300\" css=\".vc_custom_1682501956966{margin-top: 30px !important;}\"][vc_column_inner el_class=\"mlh_colservicio\" width=\"1\/4\" animation_delay=\"100\" animation_type=\"fadeInUp\"]<a aria-label=\"Assessoria Laboral\" class=\"porto-sicon-box-link\" href=\"https:\/\/alfet.es\/asesoria-laboral\/\" title='Servicios'><div class=\"porto-sicon-box svg-primary custom-icon-box custom-icon-box-1 overflow-hidden box-shadow-hover translate-top-10 rounded-2 position-relative  wpb_custom_64877566a9dd96fdea2e8224a7178878 style_1 top-icon\"><div class=\"porto-sicon-top\"><div class=\"porto-just-icon-wrapper porto-sicon-img  porto-icon-9f5d1cfb45d27d96b50bf473aebba227\" style=\"font-size: 80px;margin-bottom:26px;\"><img loading=\"lazy\" decoding=\"async\" class=\"img-icon\" alt=\"Laboral\" src=\"https:\/\/alfet.es\/wp-content\/uploads\/2023\/04\/laboral.png\" width=\"512\" height=\"512\" \/><\/div><\/div><div class=\"porto-sicon-header\"><h3 class=\"porto-sicon-title\" style=\"margin-bottom:10px;\">Assessoria Laboral<\/h3><p style=\"color:#333333;\">Tenim professionals que van incorporant la nova normativa i per poder oferir un tractament actual.<\/p><\/div> <!-- header --><div class=\"porto-sicon-description\" style=\"color:#333333;\">M\u00e9s informaci\u00f3<i class=\"fas fa-angle-right ms-1\"><\/i><\/div> <!-- description --><\/div><!-- porto-sicon-box --><\/a>[\/vc_column_inner][vc_column_inner el_class=\"mlh_colservicio\" width=\"1\/4\" animation_delay=\"300\" animation_type=\"fadeInUp\"]<a aria-label=\"Assessoria Fiscal\" class=\"porto-sicon-box-link\" href=\"https:\/\/alfet.es\/asesoria-fiscal\/\" title='Servicios'><div class=\"porto-sicon-box custom-icon-box position-relative custom-icon-box-3 overflow-hidden box-shadow-hover translate-top-10 rounded-2  wpb_custom_ff19109fed945e250be776b70ec33f07 style_1 top-icon\"><div class=\"porto-sicon-top\"><div class=\"porto-just-icon-wrapper porto-sicon-img  porto-icon-9f5d1cfb45d27d96b50bf473aebba227\" style=\"font-size: 80px;margin-bottom:26px;\"><img loading=\"lazy\" decoding=\"async\" class=\"img-icon\" alt=\"Fiscal\" src=\"https:\/\/alfet.es\/wp-content\/uploads\/2023\/04\/fiscal.png\" width=\"512\" height=\"512\" \/><\/div><\/div><div class=\"porto-sicon-header\"><h3 class=\"porto-sicon-title\" style=\"margin-bottom:10px;\">Assessoria Fiscal<\/h3><p style=\"color:#333333;\">Dediquem recursos humans i materials necessaris perqu\u00e8 les nostres actuacions siguin eficaces.<\/p><\/div> <!-- header --><div class=\"porto-sicon-description\" style=\"color:#333333;\">M\u00e9s informaci\u00f3<i class=\"fas fa-angle-right ms-1\"><\/i><\/div> <!-- description --><\/div><!-- porto-sicon-box --><\/a>[\/vc_column_inner][vc_column_inner el_class=\"mlh_colservicio\" width=\"1\/4\" animation_delay=\"600\" animation_type=\"fadeInUp\"]<a aria-label=\"Assessoria Comptable\" class=\"porto-sicon-box-link\" href=\"https:\/\/alfet.es\/asesoria-contable\/\" title='Servicios'><div class=\"porto-sicon-box custom-icon-box position-relative custom-icon-box-2 overflow-hidden box-shadow-hover translate-top-10 rounded-2  wpb_custom_ff19109fed945e250be776b70ec33f07 style_1 top-icon\"><div class=\"porto-sicon-top\"><div class=\"porto-just-icon-wrapper porto-sicon-img  porto-icon-9f5d1cfb45d27d96b50bf473aebba227\" style=\"font-size: 80px;margin-bottom:26px;\"><img loading=\"lazy\" decoding=\"async\" class=\"img-icon\" alt=\"Contable\" src=\"https:\/\/alfet.es\/wp-content\/uploads\/2023\/04\/contable.png\" width=\"512\" height=\"512\" \/><\/div><\/div><div class=\"porto-sicon-header\"><h3 class=\"porto-sicon-title\" style=\"margin-bottom:10px;\">Assessoria Comptable<\/h3><p style=\"color:#333333;\">Ens encarreguem d'analitzar i interpretar la informaci\u00f3 rellevant que us ajudar\u00e0 en la presa de decisions.<\/p><\/div> <!-- header --><div class=\"porto-sicon-description\" style=\"color:#333333;\">M\u00e9s informaci\u00f3<i class=\"fas fa-angle-right ms-1\"><\/i><\/div> <!-- description --><\/div><!-- porto-sicon-box --><\/a>[\/vc_column_inner][vc_column_inner el_class=\"mlh_colservicio\" width=\"1\/4\" animation_delay=\"800\" animation_type=\"fadeInUp\"]<a aria-label=\"Assessoria Jur\u00eddica\" class=\"porto-sicon-box-link\" href=\"https:\/\/alfet.es\/asesoria-juridica\/\" title='Servicios'><div class=\"porto-sicon-box custom-icon-box position-relative custom-icon-box-3 overflow-hidden box-shadow-hover translate-top-10 rounded-2  wpb_custom_ff19109fed945e250be776b70ec33f07 style_1 top-icon\"><div class=\"porto-sicon-top\"><div class=\"porto-just-icon-wrapper porto-sicon-img  porto-icon-9f5d1cfb45d27d96b50bf473aebba227\" style=\"font-size: 80px;margin-bottom:26px;\"><img loading=\"lazy\" decoding=\"async\" class=\"img-icon\" alt=\"Jur\u00eddica\" src=\"https:\/\/alfet.es\/wp-content\/uploads\/2023\/04\/juridica.png\" width=\"512\" height=\"512\" \/><\/div><\/div><div class=\"porto-sicon-header\"><h3 class=\"porto-sicon-title\" style=\"margin-bottom:10px;\">Assessoria Jur\u00eddica<\/h3><p style=\"color:#333333;\">Tenim advocats i economistes que ofereixen assessorament d'\u00e0mbit empresarial i personal.<\/p><\/div> <!-- header --><div class=\"porto-sicon-description\" style=\"color:#333333;\">M\u00e9s informaci\u00f3<i class=\"fas fa-angle-right ms-1\"><\/i><\/div> <!-- description --><\/div><!-- porto-sicon-box --><\/a>[\/vc_column_inner][\/vc_row_inner][\/vc_column][\/vc_row]<\/div>[\/vc_column][\/vc_row]<\/p>\n<\/div>","protected":false},"excerpt":{"rendered":"<p>[vc_row full_width=&#8221;stretch_row&#8221; el_id=&#8221;assessoria-laboral&#8221; conditional_render=&#8221;%5B%7B%22value_role%22%3A%22administrator%22%7D%5D&#8221; css=&#8221;.vc_custom_1682594397558{padding-top: 50px !important;padding-bottom: 50px !important;}&#8221;][vc_column][vc_column_text]Com a assessoria laboral a Badalona, per poder dur a terme totes les mat\u00e8ries que es deriven de les relacions laborals, cal comptar amb professionals que constantment van incorporant la nova normativa i aix\u00ed poder oferir un tractament actual en els \u00e0mbits seg\u00fcents:[\/vc_column_text][vc_row_inner css=&#8221;.vc_custom_1682675333631{margin-top: 50px !important;margin-right: 0px [&hellip;]<\/p>\n","protected":false},"author":1,"featured_media":0,"parent":0,"menu_order":0,"comment_status":"closed","ping_status":"closed","template":"","meta":{"_seopress_robots_primary_cat":"","_seopress_titles_title":"Assessoria Laboral - Alfet, Assessoria a Badalona","_seopress_titles_desc":"Alfet assessoria laboral a Badalona que ofereix serveis integrals tant a empreses com a particulars i petits aut\u00f2noms en \u00e0rees com la fiscal, laboral, comptable i jur\u00eddica. A m\u00e9s, tamb\u00e9 ofereixen altres serveis com ladministraci\u00f3 de finques. El seu objectiu \u00e9s la satisfacci\u00f3 del client i per aix\u00f2 ofereixen un tracte personalitzat.","_seopress_robots_index":"","footnotes":""},"class_list":["post-517","page","type-page","status-publish","hentry"],"_links":{"self":[{"href":"https:\/\/alfet.es\/ca\/wp-json\/wp\/v2\/pages\/517","targetHints":{"allow":["GET"]}}],"collection":[{"href":"https:\/\/alfet.es\/ca\/wp-json\/wp\/v2\/pages"}],"about":[{"href":"https:\/\/alfet.es\/ca\/wp-json\/wp\/v2\/types\/page"}],"author":[{"embeddable":true,"href":"https:\/\/alfet.es\/ca\/wp-json\/wp\/v2\/users\/1"}],"replies":[{"embeddable":true,"href":"https:\/\/alfet.es\/ca\/wp-json\/wp\/v2\/comments?post=517"}],"version-history":[{"count":2,"href":"https:\/\/alfet.es\/ca\/wp-json\/wp\/v2\/pages\/517\/revisions"}],"predecessor-version":[{"id":583,"href":"https:\/\/alfet.es\/ca\/wp-json\/wp\/v2\/pages\/517\/revisions\/583"}],"wp:attachment":[{"href":"https:\/\/alfet.es\/ca\/wp-json\/wp\/v2\/media?parent=517"}],"curies":[{"name":"wp","href":"https:\/\/api.w.org\/{rel}","templated":true}]}}