{"id":536,"date":"2023-04-27T15:47:29","date_gmt":"2023-04-27T14:47:29","guid":{"rendered":"https:\/\/staging.microlabhard.com\/alfet\/serveis-fiscal\/"},"modified":"2023-05-10T10:39:33","modified_gmt":"2023-05-10T09:39:33","slug":"assessoria-fiscal","status":"publish","type":"page","link":"https:\/\/alfet.es\/ca\/assessoria-fiscal\/","title":{"rendered":"Assessoria Fiscal"},"content":{"rendered":"<div class=\"wpb-content-wrapper\"><p>[vc_row full_width=&#8221;stretch_row&#8221; el_id=&#8221;assessoria-fiscal&#8221; conditional_render=&#8221;%5B%7B%22value_role%22%3A%22administrator%22%7D%5D&#8221; css=&#8221;.vc_custom_1682606817192{padding-top: 50px !important;padding-bottom: 50px !important;}&#8221;][vc_column][vc_column_text]Com a assessoria fiscal a Badalona, sabem que la complexa i variant normativa que regula les obligacions tribut\u00e0ries fa necessari comptar amb l&#8217;assessorament de persones amb experi\u00e8ncia, per poder garantir una bona gesti\u00f3 tant a particulars com a empreses, dediquem recursos humans i materials necessaris perqu\u00e8 les nostres actuacions siguin eficaces.[\/vc_column_text][vc_row_inner css=&#8221;.vc_custom_1682671547359{margin-top: 30px !important;}&#8221; el_class=&#8221;mlh_globalbox asesoria-mini&#8221;][vc_column_inner el_class=&#8221;mlh_colservicio_content&#8221; width=&#8221;1\/3&#8243;][vc_custom_heading text=&#8221;Planificaci\u00f3&#8221; font_container=&#8221;tag:h2|font_size:1.5em|text_align:left|color:%23ffffff|line_height:1.3&#8243; use_theme_fonts=&#8221;yes&#8221; font_weight=&#8221;300&#8243; css=&#8221;.vc_custom_1683033327770{margin-right: 0px !important;margin-bottom: 0px !important;margin-left: 0px !important;padding-top: 5px !important;padding-right: 15px !important;padding-bottom: 5px !important;padding-left: 15px !important;background-color: #00856c !important;}&#8221;][vc_column_text css=&#8221;.vc_custom_1682664794015{margin-bottom: 25px !important;}&#8221; el_class=&#8221;mlh_contservicio&#8221;]<\/p>\n<ul>\n<li>Estudi i preparaci\u00f3 de les obligacions tribut\u00e0ries, dins el marc de la legalitat.<\/li>\n<\/ul>\n<p>[\/vc_column_text][\/vc_column_inner][vc_column_inner el_class=&#8221;mlh_colservicio_content&#8221; width=&#8221;1\/3&#8243;][vc_custom_heading text=&#8221;Liquidaci\u00f3 d&#8217;impost&#8221; font_container=&#8221;tag:h2|font_size:1.5em|text_align:left|color:%23ffffff|line_height:1.3&#8243; use_theme_fonts=&#8221;yes&#8221; font_weight=&#8221;300&#8243; css=&#8221;.vc_custom_1683033344274{margin-right: 0px !important;margin-bottom: 0px !important;margin-left: 0px !important;padding-top: 5px !important;padding-right: 15px !important;padding-bottom: 5px !important;padding-left: 15px !important;background-color: #00856c !important;}&#8221;][vc_column_text css=&#8221;.vc_custom_1682664787080{margin-bottom: 25px !important;}&#8221; el_class=&#8221;mlh_contservicio&#8221;]<\/p>\n<ul>\n<li>Impost sobre la renda de les persones f\u00edsiques (RENDA)<\/li>\n<\/ul>\n<p>[\/vc_column_text][\/vc_column_inner][vc_column_inner el_class=&#8221;mlh_colservicio_content&#8221; width=&#8221;1\/3&#8243;][vc_custom_heading text=&#8221;Societats&#8221; font_container=&#8221;tag:h2|font_size:1.5em|text_align:left|color:%23ffffff|line_height:1.3&#8243; use_theme_fonts=&#8221;yes&#8221; font_weight=&#8221;300&#8243; css=&#8221;.vc_custom_1683033355387{margin-right: 0px !important;margin-bottom: 0px !important;margin-left: 0px !important;padding-top: 5px !important;padding-right: 15px !important;padding-bottom: 5px !important;padding-left: 15px !important;background-color: #00856c !important;}&#8221;][vc_column_text css=&#8221;.vc_custom_1682664185995{margin-bottom: 25px !important;}&#8221; el_class=&#8221;mlh_contservicio&#8221;]<\/p>\n<ul>\n<li>Confecci\u00f3 i presentaci\u00f3 de limpost de societats.<\/li>\n<li>Confecci\u00f3 i presentaci\u00f3 de pagaments a compte.<\/li>\n<li>Llibres oficials (diaris, balan\u00e7os, sumes i saldos).<\/li>\n<\/ul>\n<p>[\/vc_column_text][\/vc_column_inner][vc_column_inner el_class=&#8221;mlh_colservicio_content&#8221; width=&#8221;1\/2&#8243;][vc_custom_heading text=&#8221;Representaci\u00f3 fiscal i tramitaci\u00f3 de documents&#8221; font_container=&#8221;tag:h2|font_size:1.5em|text_align:left|color:%23ffffff|line_height:1.3&#8243; use_theme_fonts=&#8221;yes&#8221; font_weight=&#8221;300&#8243; css=&#8221;.vc_custom_1683033370657{margin-right: 0px !important;margin-bottom: 0px !important;margin-left: 0px !important;padding-top: 5px !important;padding-right: 15px !important;padding-bottom: 5px !important;padding-left: 15px !important;background-color: #00856c !important;}&#8221;][vc_column_text css=&#8221;.vc_custom_1682663110963{margin-bottom: 25px !important;}&#8221; el_class=&#8221;mlh_contervicio_color&#8221;]<\/p>\n<ul>\n<li>Assist\u00e8ncia, representaci\u00f3 i defensa davant lAdministraci\u00f3 Tribut\u00e0ria que correspongui, ja sigui per requeriments o inspecci\u00f3.<\/li>\n<li>Preparaci\u00f3, revisi\u00f3 i presentaci\u00f3 de documentaci\u00f3 i escrits adre\u00e7ats a l&#8217;Ag\u00e8ncia Tribut\u00e0ria, la Generalitat i l&#8217;Ajuntament.<\/li>\n<\/ul>\n<p>[\/vc_column_text][\/vc_column_inner][vc_column_inner el_class=&#8221;mlh_colservicio_content&#8221; width=&#8221;1\/2&#8243;][vc_custom_heading text=&#8221;IRPF&#8221; font_container=&#8221;tag:h2|font_size:1.5em|text_align:left|color:%23ffffff|line_height:1.3&#8243; use_theme_fonts=&#8221;yes&#8221; font_weight=&#8221;300&#8243; css=&#8221;.vc_custom_1682663737653{margin-right: 0px !important;margin-bottom: 0px !important;margin-left: 0px !important;padding-top: 5px !important;padding-right: 15px !important;padding-bottom: 5px !important;padding-left: 15px !important;background-color: #00856c !important;}&#8221;][vc_column_text css=&#8221;.vc_custom_1682663125028{margin-bottom: 25px !important;}&#8221; el_class=&#8221;mlh_contervicio_color&#8221;]<\/p>\n<ul>\n<li>Declaraci\u00f3 de retencions (nomines, professionals, arrendaments dimmobles, rendiment de capital mobiliari).<\/li>\n<li>Pagaments fraccionats per rendiment d&#8217;activitats econ\u00f2miques tant en r\u00e8gim d&#8217;estimaci\u00f3 directa (simplificada) com en r\u00e8gim d&#8217;estimaci\u00f3 objectiva (m\u00f2duls).<\/li>\n<\/ul>\n<p>[\/vc_column_text][\/vc_column_inner][\/vc_row_inner][vc_row_inner css=&#8221;.vc_custom_1682672800416{margin-top: 30px !important;margin-right: 0px !important;margin-bottom: 0px !important;margin-left: 0px !important;}&#8221; el_class=&#8221;mlh_globalbox&#8221;][vc_column_inner width=&#8221;1\/3&#8243; css=&#8221;.vc_custom_1682672863670{margin-bottom: 25px !important;background-image: url(https:\/\/alfet.es\/wp-content\/uploads\/2023\/04\/registro-de-la-propiedad-scaled.jpg?id=303) !important;background-position: center !important;background-repeat: no-repeat !important;background-size: cover !important;}&#8221;][\/vc_column_inner][vc_column_inner width=&#8221;2\/3&#8243; css=&#8221;.vc_custom_1682672821503{padding-right: 0px !important;}&#8221;][vc_custom_heading text=&#8221;IVA&#8221; font_container=&#8221;tag:h2|font_size:1.5em|text_align:left|color:%23ffffff|line_height:1.3&#8243; use_theme_fonts=&#8221;yes&#8221; font_weight=&#8221;300&#8243; css=&#8221;.vc_custom_1682663759422{margin-right: 0px !important;margin-bottom: 0px !important;margin-left: 0px !important;padding-top: 5px !important;padding-right: 15px !important;padding-bottom: 5px !important;padding-left: 15px !important;background-color: #00856c !important;}&#8221;][vc_column_text css=&#8221;.vc_custom_1682672868407{margin-bottom: 25px !important;}&#8221; el_class=&#8221;mlh_contservicio&#8221;]<\/p>\n<ul>\n<li>Declaraci\u00f3 d&#8217;IVA tant en r\u00e8gim d&#8217;estimaci\u00f3 directa (simplificada) com en r\u00e8gim d&#8217;estimaci\u00f3 objectiva ( m\u00f2duls).<\/li>\n<li>Resum anual (model 390).<\/li>\n<li>Declaraci\u00f3 recapitulativa d&#8217;operacions amb tercers (model 347).<\/li>\n<li>Declaraci\u00f3 anual d&#8217;operacions amb tercers (model 349).<\/li>\n<li>Declaraci\u00f3 \u2013 liquidaci\u00f3 no peri\u00f2dica (model 309).<\/li>\n<\/ul>\n<p>[\/vc_column_text][\/vc_column_inner][vc_column_inner width=&#8221;1\/2&#8243; css=&#8221;.vc_custom_1682674472552{padding-left: 0px !important;}&#8221;][vc_custom_heading text=&#8221;Presentaci\u00f3 d&#8217;ajornaments&#8221; font_container=&#8221;tag:h2|font_size:1.5em|text_align:left|color:%23ffffff|line_height:1.3&#8243; use_theme_fonts=&#8221;yes&#8221; font_weight=&#8221;300&#8243; css=&#8221;.vc_custom_1683033391026{margin-right: 0px !important;margin-bottom: 0px !important;margin-left: 0px !important;padding-top: 5px !important;padding-right: 15px !important;padding-bottom: 5px !important;padding-left: 15px !important;background-color: #00856c !important;}&#8221;][vc_column_text css=&#8221;.vc_custom_1682672873769{margin-bottom: 25px !important;}&#8221; el_class=&#8221;mlh_contervicio_color&#8221;]Una manera de buscar finan\u00e7ament, quan no l&#8217;obtens a trav\u00e9s de cr\u00e8dits, \u00e9s l&#8217;ajornament dels deutes amb Hisenda, per la qual cosa t&#8217;ajudem en la sol\u00b7licitud perqu\u00e8 tinguis un major termini de pagament en els impostos sempre que sigui possible i viable.[\/vc_column_text][\/vc_column_inner][vc_column_inner width=&#8221;1\/2&#8243; css=&#8221;.vc_custom_1682674468761{padding-right: 0px !important;}&#8221;][vc_custom_heading text=&#8221;Altres&#8221; font_container=&#8221;tag:h2|font_size:1.5em|text_align:left|color:%23ffffff|line_height:1.3&#8243; use_theme_fonts=&#8221;yes&#8221; font_weight=&#8221;300&#8243; css=&#8221;.vc_custom_1683033401930{margin-right: 0px !important;margin-bottom: 0px !important;margin-left: 0px !important;padding-top: 5px !important;padding-right: 15px !important;padding-bottom: 5px !important;padding-left: 15px !important;background-color: #00856c !important;}&#8221;][vc_column_text css=&#8221;.vc_custom_1682663214621{margin-bottom: 25px !important;}&#8221; el_class=&#8221;mlh_contervicio_color&#8221;]<\/p>\n<ul>\n<li>Declaracions censals; certificats<\/li>\n<li>Impost sobre activitats econ\u00f2miques<\/li>\n<li>Liquidaci\u00f3 de l&#8217;impost de transmissions patrimonials i actes jur\u00eddics documentats (model 620).<\/li>\n<li>Impost de Successions i Donacions.<\/li>\n<li>Plusv\u00e0lua Ajuntament.<\/li>\n<\/ul>\n<p>[\/vc_column_text][\/vc_column_inner][vc_column_inner width=&#8221;2\/3&#8243; css=&#8221;.vc_custom_1682672827727{padding-left: 0px !important;}&#8221;][vc_custom_heading text=&#8221;Elaboraci\u00f3 de llibres fiscals obligatoris&#8221; font_container=&#8221;tag:h2|font_size:1.5em|text_align:left|color:%23ffffff|line_height:1.3&#8243; use_theme_fonts=&#8221;yes&#8221; font_weight=&#8221;300&#8243; css=&#8221;.vc_custom_1683033414995{margin-right: 0px !important;margin-bottom: 0px !important;margin-left: 0px !important;padding-top: 5px !important;padding-right: 15px !important;padding-bottom: 5px !important;padding-left: 15px !important;background-color: #00856c !important;}&#8221;][vc_column_text css=&#8221;.vc_custom_1682672888296{margin-bottom: 25px !important;}&#8221; el_class=&#8221;mlh_contservicio&#8221;]En funci\u00f3 del r\u00e8gim fiscal a qu\u00e8 estan subjectes i del tipus d&#8217;activitat que desenvolupa el contribuent a les seves activitats empresarials, hi ha l&#8217;obligaci\u00f3 de confeccionar diferents llibres de registre:<\/p>\n<ul>\n<li>Llibre registre de vendes i ingressos.<\/li>\n<li>Llibre registre de compres i despeses.<\/li>\n<li>Llibre registre de b\u00e9ns dinversi\u00f3.<\/li>\n<li>Llibre registre de provisi\u00f3 de fons i suplerts.<\/li>\n<li>Llibre de factures emeses.<\/li>\n<li>Llibre de factures rebudes.<\/li>\n<\/ul>\n<p>[\/vc_column_text][\/vc_column_inner][vc_column_inner width=&#8221;1\/3&#8243; css=&#8221;.vc_custom_1682672894271{margin-bottom: 25px !important;background-image: url(https:\/\/alfet.es\/wp-content\/uploads\/2023\/04\/contratos-scaled.jpg?id=339) !important;background-position: center !important;background-repeat: no-repeat !important;background-size: cover !important;}&#8221;][\/vc_column_inner][\/vc_row_inner][\/vc_column][\/vc_row][vc_row][vc_column]<div class=\"porto-block\" data-id=\"520\"><style>.vc_custom_1682607516094{padding-top: 70px !important;padding-bottom: 70px !important;}.vc_custom_1682584878549{margin-bottom: 0px !important;}.vc_custom_1682497071360{margin-bottom: 15px !important;}.vc_custom_1682501956966{margin-top: 30px !important;}.wpb_custom_64877566a9dd96fdea2e8224a7178878.porto-sicon-box.top-icon{text-align: left;}.wpb_custom_ff19109fed945e250be776b70ec33f07.porto-sicon-box.top-icon{text-align: left;}.wpb_custom_64877566a9dd96fdea2e8224a7178878 .porto-sicon-title{font-weight:600;font-size:1.5em;text-transform:none;}.wpb_custom_64877566a9dd96fdea2e8224a7178878 .porto-sicon-header p{font-size:1em;text-transform:none;}.wpb_custom_64877566a9dd96fdea2e8224a7178878 .porto-sicon-description{font-weight:500;}.wpb_custom_ff19109fed945e250be776b70ec33f07 .porto-sicon-title{font-weight:600;font-size:1.5em;text-transform:none;}.wpb_custom_ff19109fed945e250be776b70ec33f07 .porto-sicon-header p{font-size:1em;text-transform:none;}<\/style>[vc_row full_width=\"stretch_row\" css=\".vc_custom_1682607516094{padding-top: 70px !important;padding-bottom: 70px !important;}\" conditional_render=\"%5B%7B%22value_role%22%3A%22administrator%22%7D%5D\"][vc_column][vc_custom_heading text=\"Qu\u00e8 fem\" font_container=\"tag:h2|font_size:1em|text_align:center|color:%23515151|line_height:1.3\" use_theme_fonts=\"yes\" text_transform=\"text-uppercase\" font_weight=\"500\" letter_spacing=\"5px\" css=\".vc_custom_1682584878549{margin-bottom: 0px !important;}\"][vc_custom_heading text=\"Serveis que oferim\" font_container=\"tag:h2|font_size:2em|text_align:center|line_height:1.3\" use_theme_fonts=\"yes\" css=\".vc_custom_1682497071360{margin-bottom: 15px !important;}\"][vc_row_inner animation_delay=\"300\" css=\".vc_custom_1682501956966{margin-top: 30px !important;}\"][vc_column_inner el_class=\"mlh_colservicio\" width=\"1\/4\" animation_delay=\"100\" animation_type=\"fadeInUp\"]<a aria-label=\"Assessoria Laboral\" class=\"porto-sicon-box-link\" href=\"https:\/\/alfet.es\/asesoria-laboral\/\" title='Servicios'><div class=\"porto-sicon-box svg-primary custom-icon-box custom-icon-box-1 overflow-hidden box-shadow-hover translate-top-10 rounded-2 position-relative  wpb_custom_64877566a9dd96fdea2e8224a7178878 style_1 top-icon\"><div class=\"porto-sicon-top\"><div class=\"porto-just-icon-wrapper porto-sicon-img  porto-icon-9f5d1cfb45d27d96b50bf473aebba227\" style=\"font-size: 80px;margin-bottom:26px;\"><img loading=\"lazy\" decoding=\"async\" class=\"img-icon\" alt=\"Laboral\" src=\"https:\/\/alfet.es\/wp-content\/uploads\/2023\/04\/laboral.png\" width=\"512\" height=\"512\" \/><\/div><\/div><div class=\"porto-sicon-header\"><h3 class=\"porto-sicon-title\" style=\"margin-bottom:10px;\">Assessoria Laboral<\/h3><p style=\"color:#333333;\">Tenim professionals que van incorporant la nova normativa i per poder oferir un tractament actual.<\/p><\/div> <!-- header --><div class=\"porto-sicon-description\" style=\"color:#333333;\">M\u00e9s informaci\u00f3<i class=\"fas fa-angle-right ms-1\"><\/i><\/div> <!-- description --><\/div><!-- porto-sicon-box --><\/a>[\/vc_column_inner][vc_column_inner el_class=\"mlh_colservicio\" width=\"1\/4\" animation_delay=\"300\" animation_type=\"fadeInUp\"]<a aria-label=\"Assessoria Fiscal\" class=\"porto-sicon-box-link\" href=\"https:\/\/alfet.es\/asesoria-fiscal\/\" title='Servicios'><div class=\"porto-sicon-box custom-icon-box position-relative custom-icon-box-3 overflow-hidden box-shadow-hover translate-top-10 rounded-2  wpb_custom_ff19109fed945e250be776b70ec33f07 style_1 top-icon\"><div class=\"porto-sicon-top\"><div class=\"porto-just-icon-wrapper porto-sicon-img  porto-icon-9f5d1cfb45d27d96b50bf473aebba227\" style=\"font-size: 80px;margin-bottom:26px;\"><img loading=\"lazy\" decoding=\"async\" class=\"img-icon\" alt=\"Fiscal\" src=\"https:\/\/alfet.es\/wp-content\/uploads\/2023\/04\/fiscal.png\" width=\"512\" height=\"512\" \/><\/div><\/div><div class=\"porto-sicon-header\"><h3 class=\"porto-sicon-title\" style=\"margin-bottom:10px;\">Assessoria Fiscal<\/h3><p style=\"color:#333333;\">Dediquem recursos humans i materials necessaris perqu\u00e8 les nostres actuacions siguin eficaces.<\/p><\/div> <!-- header --><div class=\"porto-sicon-description\" style=\"color:#333333;\">M\u00e9s informaci\u00f3<i class=\"fas fa-angle-right ms-1\"><\/i><\/div> <!-- description --><\/div><!-- porto-sicon-box --><\/a>[\/vc_column_inner][vc_column_inner el_class=\"mlh_colservicio\" width=\"1\/4\" animation_delay=\"600\" animation_type=\"fadeInUp\"]<a aria-label=\"Assessoria Comptable\" class=\"porto-sicon-box-link\" href=\"https:\/\/alfet.es\/asesoria-contable\/\" title='Servicios'><div class=\"porto-sicon-box custom-icon-box position-relative custom-icon-box-2 overflow-hidden box-shadow-hover translate-top-10 rounded-2  wpb_custom_ff19109fed945e250be776b70ec33f07 style_1 top-icon\"><div class=\"porto-sicon-top\"><div class=\"porto-just-icon-wrapper porto-sicon-img  porto-icon-9f5d1cfb45d27d96b50bf473aebba227\" style=\"font-size: 80px;margin-bottom:26px;\"><img loading=\"lazy\" decoding=\"async\" class=\"img-icon\" alt=\"Contable\" src=\"https:\/\/alfet.es\/wp-content\/uploads\/2023\/04\/contable.png\" width=\"512\" height=\"512\" \/><\/div><\/div><div class=\"porto-sicon-header\"><h3 class=\"porto-sicon-title\" style=\"margin-bottom:10px;\">Assessoria Comptable<\/h3><p style=\"color:#333333;\">Ens encarreguem d'analitzar i interpretar la informaci\u00f3 rellevant que us ajudar\u00e0 en la presa de decisions.<\/p><\/div> <!-- header --><div class=\"porto-sicon-description\" style=\"color:#333333;\">M\u00e9s informaci\u00f3<i class=\"fas fa-angle-right ms-1\"><\/i><\/div> <!-- description --><\/div><!-- porto-sicon-box --><\/a>[\/vc_column_inner][vc_column_inner el_class=\"mlh_colservicio\" width=\"1\/4\" animation_delay=\"800\" animation_type=\"fadeInUp\"]<a aria-label=\"Assessoria Jur\u00eddica\" class=\"porto-sicon-box-link\" href=\"https:\/\/alfet.es\/asesoria-juridica\/\" title='Servicios'><div class=\"porto-sicon-box custom-icon-box position-relative custom-icon-box-3 overflow-hidden box-shadow-hover translate-top-10 rounded-2  wpb_custom_ff19109fed945e250be776b70ec33f07 style_1 top-icon\"><div class=\"porto-sicon-top\"><div class=\"porto-just-icon-wrapper porto-sicon-img  porto-icon-9f5d1cfb45d27d96b50bf473aebba227\" style=\"font-size: 80px;margin-bottom:26px;\"><img loading=\"lazy\" decoding=\"async\" class=\"img-icon\" alt=\"Jur\u00eddica\" src=\"https:\/\/alfet.es\/wp-content\/uploads\/2023\/04\/juridica.png\" width=\"512\" height=\"512\" \/><\/div><\/div><div class=\"porto-sicon-header\"><h3 class=\"porto-sicon-title\" style=\"margin-bottom:10px;\">Assessoria Jur\u00eddica<\/h3><p style=\"color:#333333;\">Tenim advocats i economistes que ofereixen assessorament d'\u00e0mbit empresarial i personal.<\/p><\/div> <!-- header --><div class=\"porto-sicon-description\" style=\"color:#333333;\">M\u00e9s informaci\u00f3<i class=\"fas fa-angle-right ms-1\"><\/i><\/div> <!-- description --><\/div><!-- porto-sicon-box --><\/a>[\/vc_column_inner][\/vc_row_inner][\/vc_column][\/vc_row]<\/div>[\/vc_column][\/vc_row]<\/p>\n<\/div>","protected":false},"excerpt":{"rendered":"<p>[vc_row full_width=&#8221;stretch_row&#8221; el_id=&#8221;assessoria-fiscal&#8221; conditional_render=&#8221;%5B%7B%22value_role%22%3A%22administrator%22%7D%5D&#8221; css=&#8221;.vc_custom_1682606817192{padding-top: 50px !important;padding-bottom: 50px !important;}&#8221;][vc_column][vc_column_text]Com a assessoria fiscal a Badalona, sabem que la complexa i variant normativa que regula les obligacions tribut\u00e0ries fa necessari comptar amb l&#8217;assessorament de persones amb experi\u00e8ncia, per poder garantir una bona gesti\u00f3 tant a particulars com a empreses, dediquem recursos humans i materials necessaris perqu\u00e8 les [&hellip;]<\/p>\n","protected":false},"author":1,"featured_media":0,"parent":0,"menu_order":0,"comment_status":"closed","ping_status":"closed","template":"","meta":{"_seopress_robots_primary_cat":"","_seopress_titles_title":"Assessoria Fiscal - Alfet, Assessoria a Badalona","_seopress_titles_desc":"Alfet assessoria fiscal a Badalona que ofereix serveis integrals tant a empreses com a particulars i petits aut\u00f2noms en \u00e0rees com la fiscal, laboral, comptable i jur\u00eddica. A m\u00e9s, tamb\u00e9 ofereixen altres serveis com ladministraci\u00f3 de finques. El seu objectiu \u00e9s la satisfacci\u00f3 del client i per aix\u00f2 ofereixen un tracte personalitzat.","_seopress_robots_index":"","footnotes":""},"class_list":["post-536","page","type-page","status-publish","hentry"],"_links":{"self":[{"href":"https:\/\/alfet.es\/ca\/wp-json\/wp\/v2\/pages\/536","targetHints":{"allow":["GET"]}}],"collection":[{"href":"https:\/\/alfet.es\/ca\/wp-json\/wp\/v2\/pages"}],"about":[{"href":"https:\/\/alfet.es\/ca\/wp-json\/wp\/v2\/types\/page"}],"author":[{"embeddable":true,"href":"https:\/\/alfet.es\/ca\/wp-json\/wp\/v2\/users\/1"}],"replies":[{"embeddable":true,"href":"https:\/\/alfet.es\/ca\/wp-json\/wp\/v2\/comments?post=536"}],"version-history":[{"count":2,"href":"https:\/\/alfet.es\/ca\/wp-json\/wp\/v2\/pages\/536\/revisions"}],"predecessor-version":[{"id":585,"href":"https:\/\/alfet.es\/ca\/wp-json\/wp\/v2\/pages\/536\/revisions\/585"}],"wp:attachment":[{"href":"https:\/\/alfet.es\/ca\/wp-json\/wp\/v2\/media?parent=536"}],"curies":[{"name":"wp","href":"https:\/\/api.w.org\/{rel}","templated":true}]}}